{"id":94,"date":"2024-03-04T23:49:26","date_gmt":"2024-03-05T02:49:26","guid":{"rendered":"https:\/\/noha.com.ar\/?post_type=product&#038;p=94"},"modified":"2024-03-07T09:48:04","modified_gmt":"2024-03-07T12:48:04","slug":"polvo-de-adas","status":"publish","type":"product","link":"https:\/\/noha.com.ar\/index.php\/product\/polvo-de-adas\/","title":{"rendered":"Polvo de Adas"},"content":{"rendered":"<p><strong>Nombre: &#8220;POLVO DE HADAS&#8221;<\/strong><\/p>\n<p><strong>Marca:<\/strong> Alice Academy<\/p>\n<p><strong>Tipo de producto:\u00a0<\/strong>Iluminador \/ Brillo.<\/p>\n<p><strong>Descripci\u00f3n:\u00a0<\/strong>polvo\u00a0de micro-glitter para iluminar rostro, cuerpo y hasta el cabello!<\/p>\n<p><strong>Sugerencias de aplicaci\u00f3n:<\/strong>\u00a0Aplic\u00e1 el roducto utilizando con la punta aplicadota, ya sea pas\u00e1ndola o sacudi\u00e9ndola sobre la zona deseada.\u00a0Utiliz\u00e1 desmaquillante\u00a0para eliminar completamente el producto.\u00a0(Las im\u00e1genes son ilustrativas, \u00e9stas pueden cambiar de color en los celulares o computadores)<\/p>\n<p><strong>Precauciones:<\/strong>\u00a0Uso externo. No aplicar sobre piel irritada\u00a0o lesionada, si hay alg\u00fan signo de irritaci\u00f3n, dejar de usar el producto. Mantenga siempre su producto\u00a0bien cerrado, lejos de la luz y el calor y fuera del alcance de los ni\u00f1os, el producto no es formulado para ni\u00f1os.<\/p>\n","protected":false},"excerpt":{"rendered":"<p>Nombre: &#8220;POLVO DE HADAS&#8221; Marca: Alice Academy Tipo de producto:\u00a0Iluminador \/ Brillo. Descripci\u00f3n:\u00a0polvo\u00a0de micro-glitter para iluminar rostro, cuerpo y hasta [&hellip;]<\/p>\n","protected":false},"featured_media":101,"comment_status":"open","ping_status":"closed","template":"","meta":{"_eb_attr":"","inline_featured_image":false,"_monsterinsights_skip_tracking":false,"_monsterinsights_sitenote_active":false,"_monsterinsights_sitenote_note":"","_monsterinsights_sitenote_category":0,"site-sidebar-layout":"default","site-content-layout":"","ast-site-content-layout":"default","site-content-style":"default","site-sidebar-style":"default","ast-global-header-display":"","ast-banner-title-visibility":"","ast-main-header-display":"","ast-hfb-above-header-display":"","ast-hfb-below-header-display":"","ast-hfb-mobile-header-display":"","site-post-title":"","ast-breadcrumbs-content":"","ast-featured-img":"","footer-sml-layout":"","theme-transparent-header-meta":"default","adv-header-id-meta":"","stick-header-meta":"","header-above-stick-meta":"","header-main-stick-meta":"","header-below-stick-meta":"","astra-migrate-meta-layouts":"set","ast-page-background-enabled":"default","ast-page-background-meta":{"desktop":{"background-color":"var(--ast-global-color-4)","background-image":"","background-repeat":"repeat","background-position":"center center","background-size":"auto","background-attachment":"scroll","background-type":"","background-media":"","overlay-type":"","overlay-color":"","overlay-gradient":""},"tablet":{"background-color":"","background-image":"","background-repeat":"repeat","background-position":"center center","background-size":"auto","background-attachment":"scroll","background-type":"","background-media":"","overlay-type":"","overlay-color":"","overlay-gradient":""},"mobile":{"background-color":"","background-image":"","background-repeat":"repeat","background-position":"center center","background-size":"auto","background-attachment":"scroll","background-type":"","background-media":"","overlay-type":"","overlay-color":"","overlay-gradient":""}},"ast-content-background-meta":{"desktop":{"background-color":"var(--ast-global-color-5)","background-image":"","background-repeat":"repeat","background-position":"center center","background-size":"auto","background-attachment":"scroll","background-type":"","background-media":"","overlay-type":"","overlay-color":"","overlay-gradient":""},"tablet":{"background-color":"var(--ast-global-color-5)","background-image":"","background-repeat":"repeat","background-position":"center center","background-size":"auto","background-attachment":"scroll","background-type":"","background-media":"","overlay-type":"","overlay-color":"","overlay-gradient":""},"mobile":{"background-color":"var(--ast-global-color-5)","background-image":"","background-repeat":"repeat","background-position":"center center","background-size":"auto","background-attachment":"scroll","background-type":"","background-media":"","overlay-type":"","overlay-color":"","overlay-gradient":""}}},"product_cat":[22],"product_tag":[],"aioseo_notices":[],"jetpack_sharing_enabled":true,"_links":{"self":[{"href":"https:\/\/noha.com.ar\/index.php\/wp-json\/wp\/v2\/product\/94"}],"collection":[{"href":"https:\/\/noha.com.ar\/index.php\/wp-json\/wp\/v2\/product"}],"about":[{"href":"https:\/\/noha.com.ar\/index.php\/wp-json\/wp\/v2\/types\/product"}],"replies":[{"embeddable":true,"href":"https:\/\/noha.com.ar\/index.php\/wp-json\/wp\/v2\/comments?post=94"}],"wp:featuredmedia":[{"embeddable":true,"href":"https:\/\/noha.com.ar\/index.php\/wp-json\/wp\/v2\/media\/101"}],"wp:attachment":[{"href":"https:\/\/noha.com.ar\/index.php\/wp-json\/wp\/v2\/media?parent=94"}],"wp:term":[{"taxonomy":"product_cat","embeddable":true,"href":"https:\/\/noha.com.ar\/index.php\/wp-json\/wp\/v2\/product_cat?post=94"},{"taxonomy":"product_tag","embeddable":true,"href":"https:\/\/noha.com.ar\/index.php\/wp-json\/wp\/v2\/product_tag?post=94"}],"curies":[{"name":"wp","href":"https:\/\/api.w.org\/{rel}","templated":true}]}}